{"id":13053,"date":"2025-06-25T10:26:45","date_gmt":"2025-06-25T08:26:45","guid":{"rendered":"https:\/\/domkirodos.pl\/old\/?post_type=product&#038;p=13053"},"modified":"2025-06-27T09:19:32","modified_gmt":"2025-06-27T07:19:32","slug":"muller-rm4-25","status":"publish","type":"product","link":"https:\/\/domkirodos.pl\/old\/oferta\/domki-holenderskie\/muller-rm4-25\/","title":{"rendered":"Muller RM4\/25"},"content":{"rendered":"<p>OGRZEWANIE NAWIEWOWE<br \/>\nDOCIEPLONY<br \/>\nOKNA DWUSZYBOWE.<br \/>\nCA\u0141OROCZNY<br \/>\nDyszel<br \/>\nPRZEGL\u0104D INSTALACJI GRATIS<br \/>\nTRANSPORT GRATIS.<\/p>\n<p>raty, leasing, kredyt!!!<\/p>\n<p>W pe\u0142ni izolowany domek holenderski z drzwiami aluminium wyj\u015bciem ogrodowym, du\u017cy przestronny salon, w kt\u00f3rym znajduje si\u0119 jadalnia.<\/p>\n<p>1 sypialnia<br \/>\nW niej mie\u015bci si\u0119 du\u017ce \u0142\u00f3\u017cko sypialniane, garderoba z stolikiem i lustrem, grzejniki.<\/p>\n<p>W pe\u0142ni wyposa\u017cona kuchnia:<br \/>\n-pe\u0142en zlew<br \/>\n-czteropalnikowa kuchenka gazowa<br \/>\n-piekarnik + grill<\/p>\n<p>\u0142azienka:<br \/>\nPrysznic, ubikacja, umywalka.<\/p>\n<p>Kompletna instalacja elektryczna z w\u0142asn\u0105 rozdzielni\u0105 oraz bezpiecznikami, instalacja gazowa i hydrauliczna<br \/>\nZapewniamy transport i pomagamy w ustawieniu i wypoziomowaniu domk\u00f3w na dzia\u0142ce u klienta.<\/p>\n","protected":false},"excerpt":{"rendered":"<p>Domek MULLER BATAVIER CA\u0141OROCZNY o wymiarach 8.20\u00d73.00<br \/>\nNAJWI\u0118KSZY WYB\u00d3R I NAJNI\u017bSZE CENY W REGIONIE!<\/p>\n","protected":false},"featured_media":13054,"template":"","meta":{"_acf_changed":false},"product_brand":[],"product_cat":[61],"product_tag":[],"class_list":{"0":"post-13053","1":"product","2":"type-product","3":"status-publish","4":"has-post-thumbnail","6":"product_cat-domki-holenderskie","8":"first","9":"instock","10":"shipping-taxable","11":"purchasable","12":"product-type-simple"},"acf":[],"yoast_head":"<!-- This site is optimized with the Yoast SEO plugin v25.3.1 - https:\/\/yoast.com\/wordpress\/plugins\/seo\/ -->\n<title>Muller RM4\/25 - Domki Rodos<\/title>\n<meta name=\"robots\" content=\"noindex, follow, max-snippet:-1, max-image-preview:large, max-video-preview:-1\" \/>\n<meta property=\"og:locale\" content=\"pl_PL\" \/>\n<meta property=\"og:type\" content=\"article\" \/>\n<meta property=\"og:title\" content=\"Muller RM4\/25 - Domki Rodos\" \/>\n<meta property=\"og:description\" content=\"Domek MULLER BATAVIER CA\u0141OROCZNY o wymiarach 8.20\u00d73.00 NAJWI\u0118KSZY WYB\u00d3R I NAJNI\u017bSZE CENY W REGIONIE!\" \/>\n<meta property=\"og:url\" content=\"https:\/\/domkirodos.pl\/old\/oferta\/domki-holenderskie\/muller-rm4-25\/\" \/>\n<meta property=\"og:site_name\" content=\"Domki Rodos\" \/>\n<meta property=\"article:modified_time\" content=\"2025-06-27T07:19:32+00:00\" \/>\n<meta property=\"og:image\" content=\"https:\/\/domkirodos.pl\/old\/wp-content\/uploads\/2025\/06\/muller-1.webp\" \/>\n\t<meta property=\"og:image:width\" content=\"1280\" \/>\n\t<meta property=\"og:image:height\" content=\"963\" \/>\n\t<meta property=\"og:image:type\" content=\"image\/webp\" \/>\n<meta name=\"twitter:card\" content=\"summary_large_image\" \/>\n<meta name=\"twitter:label1\" content=\"Szacowany czas czytania\" \/>\n\t<meta name=\"twitter:data1\" content=\"1 minuta\" \/>\n<script type=\"application\/ld+json\" class=\"yoast-schema-graph\">{\"@context\":\"https:\/\/schema.org\",\"@graph\":[{\"@type\":\"WebPage\",\"@id\":\"https:\/\/domkirodos.pl\/old\/oferta\/domki-holenderskie\/muller-rm4-25\/\",\"url\":\"https:\/\/domkirodos.pl\/old\/oferta\/domki-holenderskie\/muller-rm4-25\/\",\"name\":\"Muller RM4\/25 - Domki Rodos\",\"isPartOf\":{\"@id\":\"https:\/\/domkirodos.pl\/old\/#website\"},\"primaryImageOfPage\":{\"@id\":\"https:\/\/domkirodos.pl\/old\/oferta\/domki-holenderskie\/muller-rm4-25\/#primaryimage\"},\"image\":{\"@id\":\"https:\/\/domkirodos.pl\/old\/oferta\/domki-holenderskie\/muller-rm4-25\/#primaryimage\"},\"thumbnailUrl\":\"https:\/\/domkirodos.pl\/old\/wp-content\/uploads\/2025\/06\/muller-1.webp\",\"datePublished\":\"2025-06-25T08:26:45+00:00\",\"dateModified\":\"2025-06-27T07:19:32+00:00\",\"breadcrumb\":{\"@id\":\"https:\/\/domkirodos.pl\/old\/oferta\/domki-holenderskie\/muller-rm4-25\/#breadcrumb\"},\"inLanguage\":\"pl-PL\",\"potentialAction\":[{\"@type\":\"ReadAction\",\"target\":[\"https:\/\/domkirodos.pl\/old\/oferta\/domki-holenderskie\/muller-rm4-25\/\"]}]},{\"@type\":\"ImageObject\",\"inLanguage\":\"pl-PL\",\"@id\":\"https:\/\/domkirodos.pl\/old\/oferta\/domki-holenderskie\/muller-rm4-25\/#primaryimage\",\"url\":\"https:\/\/domkirodos.pl\/old\/wp-content\/uploads\/2025\/06\/muller-1.webp\",\"contentUrl\":\"https:\/\/domkirodos.pl\/old\/wp-content\/uploads\/2025\/06\/muller-1.webp\",\"width\":1280,\"height\":963},{\"@type\":\"BreadcrumbList\",\"@id\":\"https:\/\/domkirodos.pl\/old\/oferta\/domki-holenderskie\/muller-rm4-25\/#breadcrumb\",\"itemListElement\":[{\"@type\":\"ListItem\",\"position\":1,\"name\":\"Strona g\u0142\u00f3wna\",\"item\":\"https:\/\/domkirodos.pl\/old\/\"},{\"@type\":\"ListItem\",\"position\":2,\"name\":\"Oferta\",\"item\":\"https:\/\/domkirodos.pl\/old\/oferta\/\"},{\"@type\":\"ListItem\",\"position\":3,\"name\":\"Muller RM4\/25\"}]},{\"@type\":\"WebSite\",\"@id\":\"https:\/\/domkirodos.pl\/old\/#website\",\"url\":\"https:\/\/domkirodos.pl\/old\/\",\"name\":\"Domki Rodos\",\"description\":\"Domki holenderskie i angielskie, sezonowe i ca\u0142oroczne. U nas mo\u017cesz wybiera\u0107 i przebiera\u0107 do woli.\",\"potentialAction\":[{\"@type\":\"SearchAction\",\"target\":{\"@type\":\"EntryPoint\",\"urlTemplate\":\"https:\/\/domkirodos.pl\/old\/?s={search_term_string}\"},\"query-input\":{\"@type\":\"PropertyValueSpecification\",\"valueRequired\":true,\"valueName\":\"search_term_string\"}}],\"inLanguage\":\"pl-PL\"}]}<\/script>\n<!-- \/ Yoast SEO plugin. -->","yoast_head_json":{"title":"Muller RM4\/25 - Domki Rodos","robots":{"index":"noindex","follow":"follow","max-snippet":"max-snippet:-1","max-image-preview":"max-image-preview:large","max-video-preview":"max-video-preview:-1"},"og_locale":"pl_PL","og_type":"article","og_title":"Muller RM4\/25 - Domki Rodos","og_description":"Domek MULLER BATAVIER CA\u0141OROCZNY o wymiarach 8.20\u00d73.00 NAJWI\u0118KSZY WYB\u00d3R I NAJNI\u017bSZE CENY W REGIONIE!","og_url":"https:\/\/domkirodos.pl\/old\/oferta\/domki-holenderskie\/muller-rm4-25\/","og_site_name":"Domki Rodos","article_modified_time":"2025-06-27T07:19:32+00:00","og_image":[{"width":1280,"height":963,"url":"https:\/\/domkirodos.pl\/old\/wp-content\/uploads\/2025\/06\/muller-1.webp","type":"image\/webp"}],"twitter_card":"summary_large_image","twitter_misc":{"Szacowany czas czytania":"1 minuta"},"schema":{"@context":"https:\/\/schema.org","@graph":[{"@type":"WebPage","@id":"https:\/\/domkirodos.pl\/old\/oferta\/domki-holenderskie\/muller-rm4-25\/","url":"https:\/\/domkirodos.pl\/old\/oferta\/domki-holenderskie\/muller-rm4-25\/","name":"Muller RM4\/25 - Domki Rodos","isPartOf":{"@id":"https:\/\/domkirodos.pl\/old\/#website"},"primaryImageOfPage":{"@id":"https:\/\/domkirodos.pl\/old\/oferta\/domki-holenderskie\/muller-rm4-25\/#primaryimage"},"image":{"@id":"https:\/\/domkirodos.pl\/old\/oferta\/domki-holenderskie\/muller-rm4-25\/#primaryimage"},"thumbnailUrl":"https:\/\/domkirodos.pl\/old\/wp-content\/uploads\/2025\/06\/muller-1.webp","datePublished":"2025-06-25T08:26:45+00:00","dateModified":"2025-06-27T07:19:32+00:00","breadcrumb":{"@id":"https:\/\/domkirodos.pl\/old\/oferta\/domki-holenderskie\/muller-rm4-25\/#breadcrumb"},"inLanguage":"pl-PL","potentialAction":[{"@type":"ReadAction","target":["https:\/\/domkirodos.pl\/old\/oferta\/domki-holenderskie\/muller-rm4-25\/"]}]},{"@type":"ImageObject","inLanguage":"pl-PL","@id":"https:\/\/domkirodos.pl\/old\/oferta\/domki-holenderskie\/muller-rm4-25\/#primaryimage","url":"https:\/\/domkirodos.pl\/old\/wp-content\/uploads\/2025\/06\/muller-1.webp","contentUrl":"https:\/\/domkirodos.pl\/old\/wp-content\/uploads\/2025\/06\/muller-1.webp","width":1280,"height":963},{"@type":"BreadcrumbList","@id":"https:\/\/domkirodos.pl\/old\/oferta\/domki-holenderskie\/muller-rm4-25\/#breadcrumb","itemListElement":[{"@type":"ListItem","position":1,"name":"Strona g\u0142\u00f3wna","item":"https:\/\/domkirodos.pl\/old\/"},{"@type":"ListItem","position":2,"name":"Oferta","item":"https:\/\/domkirodos.pl\/old\/oferta\/"},{"@type":"ListItem","position":3,"name":"Muller RM4\/25"}]},{"@type":"WebSite","@id":"https:\/\/domkirodos.pl\/old\/#website","url":"https:\/\/domkirodos.pl\/old\/","name":"Domki Rodos","description":"Domki holenderskie i angielskie, sezonowe i ca\u0142oroczne. U nas mo\u017cesz wybiera\u0107 i przebiera\u0107 do woli.","potentialAction":[{"@type":"SearchAction","target":{"@type":"EntryPoint","urlTemplate":"https:\/\/domkirodos.pl\/old\/?s={search_term_string}"},"query-input":{"@type":"PropertyValueSpecification","valueRequired":true,"valueName":"search_term_string"}}],"inLanguage":"pl-PL"}]}},"_links":{"self":[{"href":"https:\/\/domkirodos.pl\/old\/wp-json\/wp\/v2\/product\/13053","targetHints":{"allow":["GET"]}}],"collection":[{"href":"https:\/\/domkirodos.pl\/old\/wp-json\/wp\/v2\/product"}],"about":[{"href":"https:\/\/domkirodos.pl\/old\/wp-json\/wp\/v2\/types\/product"}],"wp:featuredmedia":[{"embeddable":true,"href":"https:\/\/domkirodos.pl\/old\/wp-json\/wp\/v2\/media\/13054"}],"wp:attachment":[{"href":"https:\/\/domkirodos.pl\/old\/wp-json\/wp\/v2\/media?parent=13053"}],"wp:term":[{"taxonomy":"product_brand","embeddable":true,"href":"https:\/\/domkirodos.pl\/old\/wp-json\/wp\/v2\/product_brand?post=13053"},{"taxonomy":"product_cat","embeddable":true,"href":"https:\/\/domkirodos.pl\/old\/wp-json\/wp\/v2\/product_cat?post=13053"},{"taxonomy":"product_tag","embeddable":true,"href":"https:\/\/domkirodos.pl\/old\/wp-json\/wp\/v2\/product_tag?post=13053"}],"curies":[{"name":"wp","href":"https:\/\/api.w.org\/{rel}","templated":true}]}}