{"id":13033,"date":"2025-06-25T10:12:59","date_gmt":"2025-06-25T08:12:59","guid":{"rendered":"https:\/\/domkirodos.pl\/old\/?post_type=product&#038;p=13033"},"modified":"2025-06-25T10:12:59","modified_gmt":"2025-06-25T08:12:59","slug":"atlas-oasis-kf-3-25","status":"publish","type":"product","link":"https:\/\/domkirodos.pl\/old\/oferta\/domki-angielskie\/atlas-oasis-kf-3-25\/","title":{"rendered":"Atlas Oasis KF 3\/25"},"content":{"rendered":"<p>Szeroko\u015b\u0107 <strong>3.7<\/strong><br \/>\nD\u0142ugo\u015b\u0107 <strong>11.4<\/strong><\/p>\n<p>W pe\u0142ni izolowany sezonowy bardzo \u0142adny, zadbany domek holenderski<\/p>\n<p>-2 SYPIALNIE<br \/>\n-PE\u0141NOWYMIAROWA KUCHNIA<br \/>\n-GRZEJNIKI<\/p>\n<p>przestronny salon Z KOMINKIEM gazowym.<\/p>\n<p>W pe\u0142ni wyposa\u017cona kuchnia:<br \/>\n-pe\u0142en zlew<br \/>\n-czteropalnikowa kuchenka gazowa<\/p>\n<p>\u0142azienka:<br \/>\ndu\u017ca kabina prysznicow\u0105, oraz umywalka, ubikacja,<\/p>\n<p>Kompletna instalacja elektryczna z w\u0142asn\u0105 rozdzielni\u0105 oraz bezpiecznikami, instalacja gazowa i hydrauliczna<br \/>\nZapewniamy transport i pomagamy w ustawieniu domk\u00f3w.<\/p>\n","protected":false},"excerpt":{"rendered":"<p>TRANSPORT GRATIS!<br \/>\nPRZEGL\u0104D INSTALACJI GRATIS!<br \/>\nRATY, KREDYT, LEASING<\/p>\n<p>W pe\u0142ni izolowany sezonowy bardzo \u0142adny, zadbany domek holenderski<\/p>\n","protected":false},"featured_media":13034,"template":"","meta":{"_acf_changed":false},"product_brand":[],"product_cat":[80],"product_tag":[],"class_list":{"0":"post-13033","1":"product","2":"type-product","3":"status-publish","4":"has-post-thumbnail","6":"product_cat-domki-angielskie","8":"first","9":"instock","10":"shipping-taxable","11":"purchasable","12":"product-type-simple"},"acf":[],"yoast_head":"<!-- This site is optimized with the Yoast SEO plugin v25.3.1 - https:\/\/yoast.com\/wordpress\/plugins\/seo\/ -->\n<title>Atlas Oasis KF 3\/25 - Domki Rodos<\/title>\n<meta name=\"robots\" content=\"noindex, follow, max-snippet:-1, max-image-preview:large, max-video-preview:-1\" \/>\n<meta property=\"og:locale\" content=\"pl_PL\" \/>\n<meta property=\"og:type\" content=\"article\" \/>\n<meta property=\"og:title\" content=\"Atlas Oasis KF 3\/25 - Domki Rodos\" \/>\n<meta property=\"og:description\" content=\"TRANSPORT GRATIS! PRZEGL\u0104D INSTALACJI GRATIS! RATY, KREDYT, LEASING  W pe\u0142ni izolowany sezonowy bardzo \u0142adny, zadbany domek holenderski\" \/>\n<meta property=\"og:url\" content=\"https:\/\/domkirodos.pl\/old\/oferta\/domki-angielskie\/atlas-oasis-kf-3-25\/\" \/>\n<meta property=\"og:site_name\" content=\"Domki Rodos\" \/>\n<meta property=\"og:image\" content=\"https:\/\/domkirodos.pl\/old\/wp-content\/uploads\/2025\/06\/oasis-1.webp\" \/>\n\t<meta property=\"og:image:width\" content=\"1600\" \/>\n\t<meta property=\"og:image:height\" content=\"1200\" \/>\n\t<meta property=\"og:image:type\" content=\"image\/webp\" \/>\n<meta name=\"twitter:card\" content=\"summary_large_image\" \/>\n<meta name=\"twitter:label1\" content=\"Szacowany czas czytania\" \/>\n\t<meta name=\"twitter:data1\" content=\"1 minuta\" \/>\n<script type=\"application\/ld+json\" class=\"yoast-schema-graph\">{\"@context\":\"https:\/\/schema.org\",\"@graph\":[{\"@type\":\"WebPage\",\"@id\":\"https:\/\/domkirodos.pl\/old\/oferta\/domki-angielskie\/atlas-oasis-kf-3-25\/\",\"url\":\"https:\/\/domkirodos.pl\/old\/oferta\/domki-angielskie\/atlas-oasis-kf-3-25\/\",\"name\":\"Atlas Oasis KF 3\/25 - Domki Rodos\",\"isPartOf\":{\"@id\":\"https:\/\/domkirodos.pl\/old\/#website\"},\"primaryImageOfPage\":{\"@id\":\"https:\/\/domkirodos.pl\/old\/oferta\/domki-angielskie\/atlas-oasis-kf-3-25\/#primaryimage\"},\"image\":{\"@id\":\"https:\/\/domkirodos.pl\/old\/oferta\/domki-angielskie\/atlas-oasis-kf-3-25\/#primaryimage\"},\"thumbnailUrl\":\"https:\/\/domkirodos.pl\/old\/wp-content\/uploads\/2025\/06\/oasis-1.webp\",\"datePublished\":\"2025-06-25T08:12:59+00:00\",\"breadcrumb\":{\"@id\":\"https:\/\/domkirodos.pl\/old\/oferta\/domki-angielskie\/atlas-oasis-kf-3-25\/#breadcrumb\"},\"inLanguage\":\"pl-PL\",\"potentialAction\":[{\"@type\":\"ReadAction\",\"target\":[\"https:\/\/domkirodos.pl\/old\/oferta\/domki-angielskie\/atlas-oasis-kf-3-25\/\"]}]},{\"@type\":\"ImageObject\",\"inLanguage\":\"pl-PL\",\"@id\":\"https:\/\/domkirodos.pl\/old\/oferta\/domki-angielskie\/atlas-oasis-kf-3-25\/#primaryimage\",\"url\":\"https:\/\/domkirodos.pl\/old\/wp-content\/uploads\/2025\/06\/oasis-1.webp\",\"contentUrl\":\"https:\/\/domkirodos.pl\/old\/wp-content\/uploads\/2025\/06\/oasis-1.webp\",\"width\":1600,\"height\":1200},{\"@type\":\"BreadcrumbList\",\"@id\":\"https:\/\/domkirodos.pl\/old\/oferta\/domki-angielskie\/atlas-oasis-kf-3-25\/#breadcrumb\",\"itemListElement\":[{\"@type\":\"ListItem\",\"position\":1,\"name\":\"Strona g\u0142\u00f3wna\",\"item\":\"https:\/\/domkirodos.pl\/old\/\"},{\"@type\":\"ListItem\",\"position\":2,\"name\":\"Oferta\",\"item\":\"https:\/\/domkirodos.pl\/old\/oferta\/\"},{\"@type\":\"ListItem\",\"position\":3,\"name\":\"Atlas Oasis KF 3\/25\"}]},{\"@type\":\"WebSite\",\"@id\":\"https:\/\/domkirodos.pl\/old\/#website\",\"url\":\"https:\/\/domkirodos.pl\/old\/\",\"name\":\"Domki Rodos\",\"description\":\"Domki holenderskie i angielskie, sezonowe i ca\u0142oroczne. U nas mo\u017cesz wybiera\u0107 i przebiera\u0107 do woli.\",\"potentialAction\":[{\"@type\":\"SearchAction\",\"target\":{\"@type\":\"EntryPoint\",\"urlTemplate\":\"https:\/\/domkirodos.pl\/old\/?s={search_term_string}\"},\"query-input\":{\"@type\":\"PropertyValueSpecification\",\"valueRequired\":true,\"valueName\":\"search_term_string\"}}],\"inLanguage\":\"pl-PL\"}]}<\/script>\n<!-- \/ Yoast SEO plugin. -->","yoast_head_json":{"title":"Atlas Oasis KF 3\/25 - Domki Rodos","robots":{"index":"noindex","follow":"follow","max-snippet":"max-snippet:-1","max-image-preview":"max-image-preview:large","max-video-preview":"max-video-preview:-1"},"og_locale":"pl_PL","og_type":"article","og_title":"Atlas Oasis KF 3\/25 - Domki Rodos","og_description":"TRANSPORT GRATIS! PRZEGL\u0104D INSTALACJI GRATIS! RATY, KREDYT, LEASING  W pe\u0142ni izolowany sezonowy bardzo \u0142adny, zadbany domek holenderski","og_url":"https:\/\/domkirodos.pl\/old\/oferta\/domki-angielskie\/atlas-oasis-kf-3-25\/","og_site_name":"Domki Rodos","og_image":[{"width":1600,"height":1200,"url":"https:\/\/domkirodos.pl\/old\/wp-content\/uploads\/2025\/06\/oasis-1.webp","type":"image\/webp"}],"twitter_card":"summary_large_image","twitter_misc":{"Szacowany czas czytania":"1 minuta"},"schema":{"@context":"https:\/\/schema.org","@graph":[{"@type":"WebPage","@id":"https:\/\/domkirodos.pl\/old\/oferta\/domki-angielskie\/atlas-oasis-kf-3-25\/","url":"https:\/\/domkirodos.pl\/old\/oferta\/domki-angielskie\/atlas-oasis-kf-3-25\/","name":"Atlas Oasis KF 3\/25 - Domki Rodos","isPartOf":{"@id":"https:\/\/domkirodos.pl\/old\/#website"},"primaryImageOfPage":{"@id":"https:\/\/domkirodos.pl\/old\/oferta\/domki-angielskie\/atlas-oasis-kf-3-25\/#primaryimage"},"image":{"@id":"https:\/\/domkirodos.pl\/old\/oferta\/domki-angielskie\/atlas-oasis-kf-3-25\/#primaryimage"},"thumbnailUrl":"https:\/\/domkirodos.pl\/old\/wp-content\/uploads\/2025\/06\/oasis-1.webp","datePublished":"2025-06-25T08:12:59+00:00","breadcrumb":{"@id":"https:\/\/domkirodos.pl\/old\/oferta\/domki-angielskie\/atlas-oasis-kf-3-25\/#breadcrumb"},"inLanguage":"pl-PL","potentialAction":[{"@type":"ReadAction","target":["https:\/\/domkirodos.pl\/old\/oferta\/domki-angielskie\/atlas-oasis-kf-3-25\/"]}]},{"@type":"ImageObject","inLanguage":"pl-PL","@id":"https:\/\/domkirodos.pl\/old\/oferta\/domki-angielskie\/atlas-oasis-kf-3-25\/#primaryimage","url":"https:\/\/domkirodos.pl\/old\/wp-content\/uploads\/2025\/06\/oasis-1.webp","contentUrl":"https:\/\/domkirodos.pl\/old\/wp-content\/uploads\/2025\/06\/oasis-1.webp","width":1600,"height":1200},{"@type":"BreadcrumbList","@id":"https:\/\/domkirodos.pl\/old\/oferta\/domki-angielskie\/atlas-oasis-kf-3-25\/#breadcrumb","itemListElement":[{"@type":"ListItem","position":1,"name":"Strona g\u0142\u00f3wna","item":"https:\/\/domkirodos.pl\/old\/"},{"@type":"ListItem","position":2,"name":"Oferta","item":"https:\/\/domkirodos.pl\/old\/oferta\/"},{"@type":"ListItem","position":3,"name":"Atlas Oasis KF 3\/25"}]},{"@type":"WebSite","@id":"https:\/\/domkirodos.pl\/old\/#website","url":"https:\/\/domkirodos.pl\/old\/","name":"Domki Rodos","description":"Domki holenderskie i angielskie, sezonowe i ca\u0142oroczne. U nas mo\u017cesz wybiera\u0107 i przebiera\u0107 do woli.","potentialAction":[{"@type":"SearchAction","target":{"@type":"EntryPoint","urlTemplate":"https:\/\/domkirodos.pl\/old\/?s={search_term_string}"},"query-input":{"@type":"PropertyValueSpecification","valueRequired":true,"valueName":"search_term_string"}}],"inLanguage":"pl-PL"}]}},"_links":{"self":[{"href":"https:\/\/domkirodos.pl\/old\/wp-json\/wp\/v2\/product\/13033","targetHints":{"allow":["GET"]}}],"collection":[{"href":"https:\/\/domkirodos.pl\/old\/wp-json\/wp\/v2\/product"}],"about":[{"href":"https:\/\/domkirodos.pl\/old\/wp-json\/wp\/v2\/types\/product"}],"wp:featuredmedia":[{"embeddable":true,"href":"https:\/\/domkirodos.pl\/old\/wp-json\/wp\/v2\/media\/13034"}],"wp:attachment":[{"href":"https:\/\/domkirodos.pl\/old\/wp-json\/wp\/v2\/media?parent=13033"}],"wp:term":[{"taxonomy":"product_brand","embeddable":true,"href":"https:\/\/domkirodos.pl\/old\/wp-json\/wp\/v2\/product_brand?post=13033"},{"taxonomy":"product_cat","embeddable":true,"href":"https:\/\/domkirodos.pl\/old\/wp-json\/wp\/v2\/product_cat?post=13033"},{"taxonomy":"product_tag","embeddable":true,"href":"https:\/\/domkirodos.pl\/old\/wp-json\/wp\/v2\/product_tag?post=13033"}],"curies":[{"name":"wp","href":"https:\/\/api.w.org\/{rel}","templated":true}]}}