{"id":12720,"date":"2025-06-13T13:25:38","date_gmt":"2025-06-13T11:25:38","guid":{"rendered":"https:\/\/domkirodos.pl\/old\/?post_type=product&#038;p=12720"},"modified":"2025-06-24T10:28:46","modified_gmt":"2025-06-24T08:28:46","slug":"atlas-sahara-super-rf-76-25","status":"publish","type":"product","link":"https:\/\/domkirodos.pl\/old\/oferta\/domki-holenderskie\/atlas-sahara-super-rf-76-25\/","title":{"rendered":"Atlas Sahara Super RF 76\/25"},"content":{"rendered":"<p>W pe\u0142ni izolowany sezonowy bardzo \u0142adny, zadbany <strong>domek holenderski<\/strong>.<\/p>\n<p>Kompletna instalacja elektryczna z w\u0142asn\u0105 rozdzielni\u0105 oraz bezpiecznikami, instalacja gazowa i hydrauliczna<br \/>\nZapewniamy transport i pomagamy w ustawieniu domk\u00f3w.<\/p>\n<p>Szeroko\u015b\u0107 <strong>3.7 m<\/strong><br \/>\nD\u0142ugo\u015b\u0107 <strong>11.4 m<\/strong><\/p>\n<p>&#8211; 3 SYPIALNIE<br \/>\n&#8211; PE\u0141NOWYMIAROWA KUCHNIA<br \/>\n&#8211; GRZEJNIKI<br \/>\n&#8211; 2 WC<br \/>\n&#8211; Przestronny salon z nowoczesnym KOMINKIEM Elektrycznym<\/p>\n<p><strong>W pe\u0142ni wyposa\u017cona kuchnia:<\/strong><br \/>\n&#8211; pe\u0142en zlew<br \/>\n&#8211; czteropalnikowa kuchenka gazowa<\/p>\n<p><strong>\u0141azienka:<\/strong><br \/>\n&#8211; du\u017ca kabina prysznicowa,<br \/>\n&#8211; umywalka,<br \/>\n&#8211; ubikacja<\/p>\n<p>NAJWI\u0118KSZY WYB\u00d3R I NAJNI\u017bSZE CENY DOMK\u00d3W W REGIONIE!<br \/>\nRATY, KREDYT, LEASING, TRANSPORT GRATIS!<\/p>\n","protected":false},"excerpt":{"rendered":"<p>Kompletna instalacja elektryczna z w\u0142asn\u0105 rozdzielni\u0105 oraz bezpiecznikami, instalacja gazowa i hydrauliczna<br \/>\nZapewniamy transport i pomagamy w ustawieniu domk\u00f3w.<\/p>\n","protected":false},"featured_media":12721,"template":"","meta":{"_acf_changed":false},"product_brand":[],"product_cat":[61],"product_tag":[],"class_list":{"0":"post-12720","1":"product","2":"type-product","3":"status-publish","4":"has-post-thumbnail","6":"product_cat-domki-holenderskie","8":"first","9":"instock","10":"sale","11":"shipping-taxable","12":"purchasable","13":"product-type-simple"},"acf":[],"yoast_head":"<!-- This site is optimized with the Yoast SEO plugin v25.3.1 - https:\/\/yoast.com\/wordpress\/plugins\/seo\/ -->\n<title>Atlas Sahara Super RF 76\/25 - Domki Rodos<\/title>\n<meta name=\"robots\" content=\"noindex, follow, max-snippet:-1, max-image-preview:large, max-video-preview:-1\" \/>\n<meta property=\"og:locale\" content=\"pl_PL\" \/>\n<meta property=\"og:type\" content=\"article\" \/>\n<meta property=\"og:title\" content=\"Atlas Sahara Super RF 76\/25 - Domki Rodos\" \/>\n<meta property=\"og:description\" content=\"Kompletna instalacja elektryczna z w\u0142asn\u0105 rozdzielni\u0105 oraz bezpiecznikami, instalacja gazowa i hydrauliczna Zapewniamy transport i pomagamy w ustawieniu domk\u00f3w.\" \/>\n<meta property=\"og:url\" content=\"https:\/\/domkirodos.pl\/old\/oferta\/domki-holenderskie\/atlas-sahara-super-rf-76-25\/\" \/>\n<meta property=\"og:site_name\" content=\"Domki Rodos\" \/>\n<meta property=\"article:modified_time\" content=\"2025-06-24T08:28:46+00:00\" \/>\n<meta property=\"og:image\" content=\"https:\/\/domkirodos.pl\/old\/wp-content\/uploads\/2025\/06\/atlas-sahara-super-1.webp\" \/>\n\t<meta property=\"og:image:width\" content=\"1600\" \/>\n\t<meta property=\"og:image:height\" content=\"1200\" \/>\n\t<meta property=\"og:image:type\" content=\"image\/webp\" \/>\n<meta name=\"twitter:card\" content=\"summary_large_image\" \/>\n<meta name=\"twitter:label1\" content=\"Szacowany czas czytania\" \/>\n\t<meta name=\"twitter:data1\" content=\"1 minuta\" \/>\n<script type=\"application\/ld+json\" class=\"yoast-schema-graph\">{\"@context\":\"https:\/\/schema.org\",\"@graph\":[{\"@type\":\"WebPage\",\"@id\":\"https:\/\/domkirodos.pl\/old\/oferta\/domki-holenderskie\/atlas-sahara-super-rf-76-25\/\",\"url\":\"https:\/\/domkirodos.pl\/old\/oferta\/domki-holenderskie\/atlas-sahara-super-rf-76-25\/\",\"name\":\"Atlas Sahara Super RF 76\/25 - Domki Rodos\",\"isPartOf\":{\"@id\":\"https:\/\/domkirodos.pl\/old\/#website\"},\"primaryImageOfPage\":{\"@id\":\"https:\/\/domkirodos.pl\/old\/oferta\/domki-holenderskie\/atlas-sahara-super-rf-76-25\/#primaryimage\"},\"image\":{\"@id\":\"https:\/\/domkirodos.pl\/old\/oferta\/domki-holenderskie\/atlas-sahara-super-rf-76-25\/#primaryimage\"},\"thumbnailUrl\":\"https:\/\/domkirodos.pl\/old\/wp-content\/uploads\/2025\/06\/atlas-sahara-super-1.webp\",\"datePublished\":\"2025-06-13T11:25:38+00:00\",\"dateModified\":\"2025-06-24T08:28:46+00:00\",\"breadcrumb\":{\"@id\":\"https:\/\/domkirodos.pl\/old\/oferta\/domki-holenderskie\/atlas-sahara-super-rf-76-25\/#breadcrumb\"},\"inLanguage\":\"pl-PL\",\"potentialAction\":[{\"@type\":\"ReadAction\",\"target\":[\"https:\/\/domkirodos.pl\/old\/oferta\/domki-holenderskie\/atlas-sahara-super-rf-76-25\/\"]}]},{\"@type\":\"ImageObject\",\"inLanguage\":\"pl-PL\",\"@id\":\"https:\/\/domkirodos.pl\/old\/oferta\/domki-holenderskie\/atlas-sahara-super-rf-76-25\/#primaryimage\",\"url\":\"https:\/\/domkirodos.pl\/old\/wp-content\/uploads\/2025\/06\/atlas-sahara-super-1.webp\",\"contentUrl\":\"https:\/\/domkirodos.pl\/old\/wp-content\/uploads\/2025\/06\/atlas-sahara-super-1.webp\",\"width\":1600,\"height\":1200},{\"@type\":\"BreadcrumbList\",\"@id\":\"https:\/\/domkirodos.pl\/old\/oferta\/domki-holenderskie\/atlas-sahara-super-rf-76-25\/#breadcrumb\",\"itemListElement\":[{\"@type\":\"ListItem\",\"position\":1,\"name\":\"Strona g\u0142\u00f3wna\",\"item\":\"https:\/\/domkirodos.pl\/old\/\"},{\"@type\":\"ListItem\",\"position\":2,\"name\":\"Oferta\",\"item\":\"https:\/\/domkirodos.pl\/old\/oferta\/\"},{\"@type\":\"ListItem\",\"position\":3,\"name\":\"Atlas Sahara Super RF 76\/25\"}]},{\"@type\":\"WebSite\",\"@id\":\"https:\/\/domkirodos.pl\/old\/#website\",\"url\":\"https:\/\/domkirodos.pl\/old\/\",\"name\":\"Domki Rodos\",\"description\":\"Domki holenderskie i angielskie, sezonowe i ca\u0142oroczne. U nas mo\u017cesz wybiera\u0107 i przebiera\u0107 do woli.\",\"potentialAction\":[{\"@type\":\"SearchAction\",\"target\":{\"@type\":\"EntryPoint\",\"urlTemplate\":\"https:\/\/domkirodos.pl\/old\/?s={search_term_string}\"},\"query-input\":{\"@type\":\"PropertyValueSpecification\",\"valueRequired\":true,\"valueName\":\"search_term_string\"}}],\"inLanguage\":\"pl-PL\"}]}<\/script>\n<!-- \/ Yoast SEO plugin. -->","yoast_head_json":{"title":"Atlas Sahara Super RF 76\/25 - Domki Rodos","robots":{"index":"noindex","follow":"follow","max-snippet":"max-snippet:-1","max-image-preview":"max-image-preview:large","max-video-preview":"max-video-preview:-1"},"og_locale":"pl_PL","og_type":"article","og_title":"Atlas Sahara Super RF 76\/25 - Domki Rodos","og_description":"Kompletna instalacja elektryczna z w\u0142asn\u0105 rozdzielni\u0105 oraz bezpiecznikami, instalacja gazowa i hydrauliczna Zapewniamy transport i pomagamy w ustawieniu domk\u00f3w.","og_url":"https:\/\/domkirodos.pl\/old\/oferta\/domki-holenderskie\/atlas-sahara-super-rf-76-25\/","og_site_name":"Domki Rodos","article_modified_time":"2025-06-24T08:28:46+00:00","og_image":[{"width":1600,"height":1200,"url":"https:\/\/domkirodos.pl\/old\/wp-content\/uploads\/2025\/06\/atlas-sahara-super-1.webp","type":"image\/webp"}],"twitter_card":"summary_large_image","twitter_misc":{"Szacowany czas czytania":"1 minuta"},"schema":{"@context":"https:\/\/schema.org","@graph":[{"@type":"WebPage","@id":"https:\/\/domkirodos.pl\/old\/oferta\/domki-holenderskie\/atlas-sahara-super-rf-76-25\/","url":"https:\/\/domkirodos.pl\/old\/oferta\/domki-holenderskie\/atlas-sahara-super-rf-76-25\/","name":"Atlas Sahara Super RF 76\/25 - Domki Rodos","isPartOf":{"@id":"https:\/\/domkirodos.pl\/old\/#website"},"primaryImageOfPage":{"@id":"https:\/\/domkirodos.pl\/old\/oferta\/domki-holenderskie\/atlas-sahara-super-rf-76-25\/#primaryimage"},"image":{"@id":"https:\/\/domkirodos.pl\/old\/oferta\/domki-holenderskie\/atlas-sahara-super-rf-76-25\/#primaryimage"},"thumbnailUrl":"https:\/\/domkirodos.pl\/old\/wp-content\/uploads\/2025\/06\/atlas-sahara-super-1.webp","datePublished":"2025-06-13T11:25:38+00:00","dateModified":"2025-06-24T08:28:46+00:00","breadcrumb":{"@id":"https:\/\/domkirodos.pl\/old\/oferta\/domki-holenderskie\/atlas-sahara-super-rf-76-25\/#breadcrumb"},"inLanguage":"pl-PL","potentialAction":[{"@type":"ReadAction","target":["https:\/\/domkirodos.pl\/old\/oferta\/domki-holenderskie\/atlas-sahara-super-rf-76-25\/"]}]},{"@type":"ImageObject","inLanguage":"pl-PL","@id":"https:\/\/domkirodos.pl\/old\/oferta\/domki-holenderskie\/atlas-sahara-super-rf-76-25\/#primaryimage","url":"https:\/\/domkirodos.pl\/old\/wp-content\/uploads\/2025\/06\/atlas-sahara-super-1.webp","contentUrl":"https:\/\/domkirodos.pl\/old\/wp-content\/uploads\/2025\/06\/atlas-sahara-super-1.webp","width":1600,"height":1200},{"@type":"BreadcrumbList","@id":"https:\/\/domkirodos.pl\/old\/oferta\/domki-holenderskie\/atlas-sahara-super-rf-76-25\/#breadcrumb","itemListElement":[{"@type":"ListItem","position":1,"name":"Strona g\u0142\u00f3wna","item":"https:\/\/domkirodos.pl\/old\/"},{"@type":"ListItem","position":2,"name":"Oferta","item":"https:\/\/domkirodos.pl\/old\/oferta\/"},{"@type":"ListItem","position":3,"name":"Atlas Sahara Super RF 76\/25"}]},{"@type":"WebSite","@id":"https:\/\/domkirodos.pl\/old\/#website","url":"https:\/\/domkirodos.pl\/old\/","name":"Domki Rodos","description":"Domki holenderskie i angielskie, sezonowe i ca\u0142oroczne. U nas mo\u017cesz wybiera\u0107 i przebiera\u0107 do woli.","potentialAction":[{"@type":"SearchAction","target":{"@type":"EntryPoint","urlTemplate":"https:\/\/domkirodos.pl\/old\/?s={search_term_string}"},"query-input":{"@type":"PropertyValueSpecification","valueRequired":true,"valueName":"search_term_string"}}],"inLanguage":"pl-PL"}]}},"_links":{"self":[{"href":"https:\/\/domkirodos.pl\/old\/wp-json\/wp\/v2\/product\/12720","targetHints":{"allow":["GET"]}}],"collection":[{"href":"https:\/\/domkirodos.pl\/old\/wp-json\/wp\/v2\/product"}],"about":[{"href":"https:\/\/domkirodos.pl\/old\/wp-json\/wp\/v2\/types\/product"}],"wp:featuredmedia":[{"embeddable":true,"href":"https:\/\/domkirodos.pl\/old\/wp-json\/wp\/v2\/media\/12721"}],"wp:attachment":[{"href":"https:\/\/domkirodos.pl\/old\/wp-json\/wp\/v2\/media?parent=12720"}],"wp:term":[{"taxonomy":"product_brand","embeddable":true,"href":"https:\/\/domkirodos.pl\/old\/wp-json\/wp\/v2\/product_brand?post=12720"},{"taxonomy":"product_cat","embeddable":true,"href":"https:\/\/domkirodos.pl\/old\/wp-json\/wp\/v2\/product_cat?post=12720"},{"taxonomy":"product_tag","embeddable":true,"href":"https:\/\/domkirodos.pl\/old\/wp-json\/wp\/v2\/product_tag?post=12720"}],"curies":[{"name":"wp","href":"https:\/\/api.w.org\/{rel}","templated":true}]}}