{"id":9,"date":"2015-02-10T19:21:19","date_gmt":"2015-02-10T19:21:19","guid":{"rendered":"https:\/\/avada.theme-fusion.com_demos\/architecture\/?page_id=9"},"modified":"2022-09-09T15:14:57","modified_gmt":"2022-09-09T13:14:57","slug":"o-nas","status":"publish","type":"page","link":"https:\/\/domkirodos.pl\/old\/o-nas\/","title":{"rendered":"O nas"},"content":{"rendered":"<p><div class=\"fusion-fullwidth fullwidth-box fusion-builder-row-1 fusion-flex-container hundred-percent-fullwidth non-hundred-percent-height-scrolling\" style=\"--awb-border-radius-top-left:0px;--awb-border-radius-top-right:0px;--awb-border-radius-bottom-right:0px;--awb-border-radius-bottom-left:0px;--awb-padding-left:29px;--awb-flex-wrap:wrap;\" ><div class=\"fusion-builder-row fusion-row fusion-flex-align-items-stretch fusion-flex-content-wrap\" style=\"width:104% !important;max-width:104% !important;margin-left: calc(-4% \/ 2 );margin-right: calc(-4% \/ 2 );\"><div class=\"fusion-layout-column fusion_builder_column fusion-builder-column-0 fusion_builder_column_1_2 1_2 fusion-flex-column fusion-flex-align-self-stretch\" style=\"--awb-bg-position:center center;--awb-bg-size:cover;--awb-width-large:50%;--awb-margin-top-large:0px;--awb-spacing-right-large:0%;--awb-margin-bottom-large:0px;--awb-spacing-left-large:0%;--awb-width-medium:50%;--awb-order-medium:0;--awb-spacing-right-medium:0%;--awb-spacing-left-medium:0%;--awb-width-small:100%;--awb-order-small:0;--awb-spacing-right-small:1.92%;--awb-spacing-left-small:1.92%;\"><div class=\"fusion-column-wrapper lazyload fusion-column-has-shadow fusion-flex-justify-content-flex-start fusion-content-layout-column fusion-empty-column-bg-image fusion-column-has-bg-image\" data-bg-url=\"http:\/\/old.domkirodos.pl\/wp-content\/uploads\/2020\/10\/Atlas-Everglade-3-rotated.jpg\" data-bg=\"http:\/\/old.domkirodos.pl\/wp-content\/uploads\/2020\/10\/Atlas-Everglade-3-rotated.jpg\"><img decoding=\"async\" class=\"fusion-empty-dims-img-placeholder fusion-no-large-visibility fusion-no-medium-visibility\" src=\"data:image\/gif;base64,R0lGODlhAQABAAAAACH5BAEKAAEALAAAAAABAAEAAAICTAEAOw==\"><\/div><\/div><div class=\"fusion-layout-column fusion_builder_column fusion-builder-column-1 fusion_builder_column_1_2 1_2 fusion-flex-column\" style=\"--awb-padding-top:15%;--awb-padding-right:15%;--awb-padding-bottom:15%;--awb-padding-left:15%;--awb-bg-size:cover;--awb-width-large:50%;--awb-margin-top-large:0px;--awb-spacing-right-large:0%;--awb-margin-bottom-large:0px;--awb-spacing-left-large:0%;--awb-width-medium:50%;--awb-order-medium:0;--awb-spacing-right-medium:0%;--awb-spacing-left-medium:0%;--awb-width-small:100%;--awb-order-small:0;--awb-spacing-right-small:1.92%;--awb-spacing-left-small:1.92%;\"><div class=\"fusion-column-wrapper fusion-column-has-shadow fusion-flex-justify-content-flex-start fusion-content-layout-column\"><div class=\"fusion-text fusion-text-1\"><h1><b>Witamy w firmie<br \/>\nRODOS CARAVANS<\/b><\/h1>\n<p>Jeste\u015bmy firm\u0105 RODZINN\u0104 &#8211; Z WIELOLETNIM DO\u015aWIADCZENIEM posiadaj\u0105ca swoje biura\u202fod 2005 roku miedzy innymi w Azji.<\/p>\n<p>W\u0142asne biura i przedstawicielstwa na ca\u0142ym \u015bwiecie \u202fpozwalaj\u0105 nam by\u0107 w nieprzerwanym kontakcie z dostawcami i stale kontrolowa\u0107 jako\u015b\u0107 oferowanych produkt\u00f3w.<\/p>\n<p>Firma RODOS to centrum sprzeda\u017cy dom\u00f3w mobilnych i domk\u00f3w prefabrykowanych, znajduj\u0105ca si\u0119 w centralnej Polsce, niedaleko P\u0142ocka.<\/p>\n<\/div><\/div><\/div><\/div><\/div><div class=\"fusion-fullwidth fullwidth-box fusion-builder-row-2 fusion-flex-container hundred-percent-fullwidth non-hundred-percent-height-scrolling\" style=\"--awb-border-radius-top-left:0px;--awb-border-radius-top-right:0px;--awb-border-radius-bottom-right:0px;--awb-border-radius-bottom-left:0px;--awb-padding-left:29px;--awb-flex-wrap:wrap;\" ><div class=\"fusion-builder-row fusion-row fusion-flex-align-items-stretch fusion-flex-content-wrap\" style=\"width:104% !important;max-width:104% !important;margin-left: calc(-4% \/ 2 );margin-right: calc(-4% \/ 2 );\"><div class=\"fusion-layout-column fusion_builder_column fusion-builder-column-2 fusion_builder_column_1_2 1_2 fusion-flex-column\" style=\"--awb-padding-top:15%;--awb-padding-right:15%;--awb-padding-bottom:15%;--awb-padding-left:15%;--awb-bg-size:cover;--awb-width-large:50%;--awb-margin-top-large:0px;--awb-spacing-right-large:0%;--awb-margin-bottom-large:0px;--awb-spacing-left-large:0%;--awb-width-medium:50%;--awb-order-medium:0;--awb-spacing-right-medium:0%;--awb-spacing-left-medium:0%;--awb-width-small:100%;--awb-order-small:0;--awb-spacing-right-small:1.92%;--awb-spacing-left-small:1.92%;\"><div class=\"fusion-column-wrapper fusion-column-has-shadow fusion-flex-justify-content-flex-start fusion-content-layout-column\"><div class=\"fusion-text fusion-text-2\"><p>Kupuj\u0105c domek <b>holenderski \/ angielski<\/b> &#8211; gwarantujemy transport na terenie ca\u0142ej polski! Oczywi\u015bcie istnieje mo\u017cliwo\u015b\u0107 wymiany u Pa\u0144stwa aktualnego domku na nowy zakupiony od nas.<\/p>\n<p>Posiadamy w\u0142asny sprz\u0119t do transportu dom\u00f3w holenderskich, angielskich i prefabrykowanych.<\/p>\n<p>Je\u015bli chcesz, mo\u017cemy zadba\u0107 nie tylko o transport, ale tak\u017ce o ustawienie domku.<\/p>\n<p>Ogl\u0105da\u0142e\u015b nasze akcje, ale nie znalaz\u0142e\u015b tego, czego szukasz? Zapraszamy do kontaktu z nami w celu uzyskania specjalnych \u017cycze\u0144. Z przyjemno\u015bci\u0105 poszukamy domu kt\u00f3ry spe\u0142ni wszystkie Twoje potrzeby!<\/p>\n<p>Si\u0142\u0105 Firmy <b>Domki Rodos<\/b> jest bardzo zr\u00f3\u017cnicowana oferta. Mo\u017cesz wybiera\u0107 spo\u015br\u00f3d luksusowych i prostszych modeli z 1, 2 lub 3 sypialniami. Wszystko w idealnym stanie. Uwa\u017camy, \u017ce bardzo wa\u017cne jest, aby dostarcza\u0107 nasze domy mobilne w najlepszym stanie. Je\u015bli co\u015b si\u0119 dzieje z zakupionym domem mobilnym, zrobimy wszystko, co w nas mo\u017cliwe, aby rozwi\u0105za\u0107 ten problem z Tob\u0105. Naszym celem jest umo\u017cliwienie Ci korzystania z mobilnego domu bez \u017cadnych zmartwie\u0144.<\/p>\n<p>Zawsze mamy du\u017c\u0105 kolekcj\u0119 angielskich i holenderskich marek takich jak Atlas, Wilberry, Cosalt, Regal, BK, Delta i Swift s\u0105 ulubionymi markami. To dlatego, \u017ce wszystkie te marki gwarantuj\u0105 jako\u015b\u0107.<\/p>\n<ul>\n<li>CO TYDZIE\u0143 NOWE DOSTAWY<\/li>\n<li>GWARANTUJEMY TRANSPORT NA TERENIE CA\u0141EJ POLSKI<\/li>\n<li>NA PLACU JESZCZE WI\u0118KSZY WYB\u00d3R<\/li>\n<li>ZAKUPY NA RATY<\/li>\n<li>ODKUPIMY TW\u00d3J DOMEK HOLENDERSKI<\/li>\n<\/ul>\n<\/div><div style=\"text-align:center;\"><a class=\"fusion-button button-flat fusion-button-default-size button-default fusion-button-default button-1 fusion-button-default-span fusion-button-default-type\" style=\"--button_margin-top:30px;width:calc(100%);\" target=\"_self\" href=\"https:\/\/old.domkirodos.pl\/kontakt\/\"><span class=\"fusion-button-text awb-button__text awb-button__text--default\">jak dojecha\u0107 &#8211; kontakt<\/span><\/a><\/div><\/div><\/div><div class=\"fusion-layout-column fusion_builder_column fusion-builder-column-3 fusion_builder_column_1_2 1_2 fusion-flex-column fusion-flex-align-self-stretch\" style=\"--awb-bg-position:center center;--awb-bg-size:cover;--awb-width-large:50%;--awb-margin-top-large:0px;--awb-spacing-right-large:0%;--awb-margin-bottom-large:0px;--awb-spacing-left-large:0%;--awb-width-medium:50%;--awb-order-medium:0;--awb-spacing-right-medium:0%;--awb-spacing-left-medium:0%;--awb-width-small:100%;--awb-order-small:0;--awb-spacing-right-small:1.92%;--awb-spacing-left-small:1.92%;\"><div class=\"fusion-column-wrapper lazyload fusion-column-has-shadow fusion-flex-justify-content-flex-start fusion-content-layout-column fusion-empty-column-bg-image fusion-column-has-bg-image\" data-bg-url=\"http:\/\/old.domkirodos.pl\/wp-content\/uploads\/2020\/10\/Atlas-Mirage-9-rotated.jpg\" data-bg=\"http:\/\/old.domkirodos.pl\/wp-content\/uploads\/2020\/10\/Atlas-Mirage-9-rotated.jpg\"><img decoding=\"async\" class=\"fusion-empty-dims-img-placeholder fusion-no-large-visibility fusion-no-medium-visibility\" src=\"data:image\/gif;base64,R0lGODlhAQABAAAAACH5BAEKAAEALAAAAAABAAEAAAICTAEAOw==\"><\/div><\/div><\/div><\/div><\/p>\n","protected":false},"excerpt":{"rendered":"","protected":false},"author":2,"featured_media":0,"parent":0,"menu_order":0,"comment_status":"closed","ping_status":"open","template":"100-width.php","meta":{"_acf_changed":false,"footnotes":""},"class_list":["post-9","page","type-page","status-publish","hentry"],"acf":[],"yoast_head":"<!-- This site is optimized with the Yoast SEO plugin v25.3.1 - https:\/\/yoast.com\/wordpress\/plugins\/seo\/ -->\n<title>O nas | Domki Holenderskie i Domki Angielskie z Dostaw\u0105 - DomkiRodos.pl<\/title>\n<meta name=\"robots\" content=\"noindex, follow, max-snippet:-1, max-image-preview:large, max-video-preview:-1\" \/>\n<meta property=\"og:locale\" content=\"pl_PL\" \/>\n<meta property=\"og:type\" content=\"article\" \/>\n<meta property=\"og:title\" content=\"O nas | Domki Holenderskie i Domki Angielskie z Dostaw\u0105 - DomkiRodos.pl\" \/>\n<meta property=\"og:url\" content=\"https:\/\/domkirodos.pl\/old\/o-nas\/\" \/>\n<meta property=\"og:site_name\" content=\"Domki Rodos\" \/>\n<meta property=\"article:modified_time\" content=\"2022-09-09T13:14:57+00:00\" \/>\n<meta name=\"twitter:card\" content=\"summary_large_image\" \/>\n<meta name=\"twitter:label1\" content=\"Szacowany czas czytania\" \/>\n\t<meta name=\"twitter:data1\" content=\"4 minuty\" \/>\n<script type=\"application\/ld+json\" class=\"yoast-schema-graph\">{\"@context\":\"https:\/\/schema.org\",\"@graph\":[{\"@type\":\"WebPage\",\"@id\":\"https:\/\/domkirodos.pl\/old\/o-nas\/\",\"url\":\"https:\/\/domkirodos.pl\/old\/o-nas\/\",\"name\":\"O nas | Domki Holenderskie i Domki Angielskie z Dostaw\u0105 - DomkiRodos.pl\",\"isPartOf\":{\"@id\":\"https:\/\/domkirodos.pl\/old\/#website\"},\"datePublished\":\"2015-02-10T19:21:19+00:00\",\"dateModified\":\"2022-09-09T13:14:57+00:00\",\"breadcrumb\":{\"@id\":\"https:\/\/domkirodos.pl\/old\/o-nas\/#breadcrumb\"},\"inLanguage\":\"pl-PL\",\"potentialAction\":[{\"@type\":\"ReadAction\",\"target\":[\"https:\/\/domkirodos.pl\/old\/o-nas\/\"]}]},{\"@type\":\"BreadcrumbList\",\"@id\":\"https:\/\/domkirodos.pl\/old\/o-nas\/#breadcrumb\",\"itemListElement\":[{\"@type\":\"ListItem\",\"position\":1,\"name\":\"Strona g\u0142\u00f3wna\",\"item\":\"https:\/\/domkirodos.pl\/old\/\"},{\"@type\":\"ListItem\",\"position\":2,\"name\":\"O nas\"}]},{\"@type\":\"WebSite\",\"@id\":\"https:\/\/domkirodos.pl\/old\/#website\",\"url\":\"https:\/\/domkirodos.pl\/old\/\",\"name\":\"Domki Rodos\",\"description\":\"Domki holenderskie i angielskie, sezonowe i ca\u0142oroczne. U nas mo\u017cesz wybiera\u0107 i przebiera\u0107 do woli.\",\"potentialAction\":[{\"@type\":\"SearchAction\",\"target\":{\"@type\":\"EntryPoint\",\"urlTemplate\":\"https:\/\/domkirodos.pl\/old\/?s={search_term_string}\"},\"query-input\":{\"@type\":\"PropertyValueSpecification\",\"valueRequired\":true,\"valueName\":\"search_term_string\"}}],\"inLanguage\":\"pl-PL\"}]}<\/script>\n<!-- \/ Yoast SEO plugin. -->","yoast_head_json":{"title":"O nas | Domki Holenderskie i Domki Angielskie z Dostaw\u0105 - DomkiRodos.pl","robots":{"index":"noindex","follow":"follow","max-snippet":"max-snippet:-1","max-image-preview":"max-image-preview:large","max-video-preview":"max-video-preview:-1"},"og_locale":"pl_PL","og_type":"article","og_title":"O nas | Domki Holenderskie i Domki Angielskie z Dostaw\u0105 - DomkiRodos.pl","og_url":"https:\/\/domkirodos.pl\/old\/o-nas\/","og_site_name":"Domki Rodos","article_modified_time":"2022-09-09T13:14:57+00:00","twitter_card":"summary_large_image","twitter_misc":{"Szacowany czas czytania":"4 minuty"},"schema":{"@context":"https:\/\/schema.org","@graph":[{"@type":"WebPage","@id":"https:\/\/domkirodos.pl\/old\/o-nas\/","url":"https:\/\/domkirodos.pl\/old\/o-nas\/","name":"O nas | Domki Holenderskie i Domki Angielskie z Dostaw\u0105 - DomkiRodos.pl","isPartOf":{"@id":"https:\/\/domkirodos.pl\/old\/#website"},"datePublished":"2015-02-10T19:21:19+00:00","dateModified":"2022-09-09T13:14:57+00:00","breadcrumb":{"@id":"https:\/\/domkirodos.pl\/old\/o-nas\/#breadcrumb"},"inLanguage":"pl-PL","potentialAction":[{"@type":"ReadAction","target":["https:\/\/domkirodos.pl\/old\/o-nas\/"]}]},{"@type":"BreadcrumbList","@id":"https:\/\/domkirodos.pl\/old\/o-nas\/#breadcrumb","itemListElement":[{"@type":"ListItem","position":1,"name":"Strona g\u0142\u00f3wna","item":"https:\/\/domkirodos.pl\/old\/"},{"@type":"ListItem","position":2,"name":"O nas"}]},{"@type":"WebSite","@id":"https:\/\/domkirodos.pl\/old\/#website","url":"https:\/\/domkirodos.pl\/old\/","name":"Domki Rodos","description":"Domki holenderskie i angielskie, sezonowe i ca\u0142oroczne. U nas mo\u017cesz wybiera\u0107 i przebiera\u0107 do woli.","potentialAction":[{"@type":"SearchAction","target":{"@type":"EntryPoint","urlTemplate":"https:\/\/domkirodos.pl\/old\/?s={search_term_string}"},"query-input":{"@type":"PropertyValueSpecification","valueRequired":true,"valueName":"search_term_string"}}],"inLanguage":"pl-PL"}]}},"_links":{"self":[{"href":"https:\/\/domkirodos.pl\/old\/wp-json\/wp\/v2\/pages\/9","targetHints":{"allow":["GET"]}}],"collection":[{"href":"https:\/\/domkirodos.pl\/old\/wp-json\/wp\/v2\/pages"}],"about":[{"href":"https:\/\/domkirodos.pl\/old\/wp-json\/wp\/v2\/types\/page"}],"author":[{"embeddable":true,"href":"https:\/\/domkirodos.pl\/old\/wp-json\/wp\/v2\/users\/2"}],"replies":[{"embeddable":true,"href":"https:\/\/domkirodos.pl\/old\/wp-json\/wp\/v2\/comments?post=9"}],"version-history":[{"count":18,"href":"https:\/\/domkirodos.pl\/old\/wp-json\/wp\/v2\/pages\/9\/revisions"}],"predecessor-version":[{"id":3639,"href":"https:\/\/domkirodos.pl\/old\/wp-json\/wp\/v2\/pages\/9\/revisions\/3639"}],"wp:attachment":[{"href":"https:\/\/domkirodos.pl\/old\/wp-json\/wp\/v2\/media?parent=9"}],"curies":[{"name":"wp","href":"https:\/\/api.w.org\/{rel}","templated":true}]}}