{"id":809,"date":"2015-02-10T19:22:07","date_gmt":"2015-02-10T18:22:07","guid":{"rendered":"https:\/\/avada.theme-fusion.com_demos\/architecture\/?page_id=15"},"modified":"2025-05-06T07:03:57","modified_gmt":"2025-05-06T05:03:57","slug":"kontakt","status":"publish","type":"page","link":"https:\/\/domkirodos.pl\/old\/kontakt\/","title":{"rendered":"Kontakt"},"content":{"rendered":"<div class=\"fusion-fullwidth fullwidth-box fusion-builder-row-1 fusion-flex-container fusion-parallax-none nonhundred-percent-fullwidth non-hundred-percent-height-scrolling lazyload\" style=\"--awb-background-position:center bottom;--awb-border-sizes-top:0px;--awb-border-sizes-bottom:0px;--awb-border-sizes-left:0px;--awb-border-sizes-right:0px;--awb-border-radius-top-left:0px;--awb-border-radius-top-right:0px;--awb-border-radius-bottom-right:0px;--awb-border-radius-bottom-left:0px;--awb-padding-top:130px;--awb-padding-bottom:100px;--awb-background-size:cover;--awb-flex-wrap:wrap;\" data-bg=\"http:\/\/old.domkirodos.pl\/wp-content\/uploads\/2020\/10\/rodos-white-slide.jpg\" ><div class=\"fusion-builder-row fusion-row fusion-flex-align-items-flex-start fusion-flex-content-wrap\" style=\"max-width:1424.8px;margin-left: calc(-4% \/ 2 );margin-right: calc(-4% \/ 2 );\"><div class=\"fusion-layout-column fusion_builder_column fusion-builder-column-0 fusion_builder_column_1_1 1_1 fusion-flex-column fusion-flex-align-self-flex-start fusion-column-no-min-height\" style=\"--awb-bg-size:cover;--awb-width-large:100%;--awb-margin-top-large:0px;--awb-spacing-right-large:1.92%;--awb-margin-bottom-large:60px;--awb-spacing-left-large:1.92%;--awb-width-medium:100%;--awb-spacing-right-medium:1.92%;--awb-spacing-left-medium:1.92%;--awb-width-small:100%;--awb-spacing-right-small:1.92%;--awb-spacing-left-small:1.92%;\"><div class=\"fusion-column-wrapper fusion-flex-justify-content-flex-start fusion-content-layout-column\"><div class=\"fusion-title title fusion-title-1 fusion-sep-none fusion-title-text fusion-title-size-two\" style=\"--awb-text-color:#ffffff;\"><h2 class=\"fusion-title-heading title-heading-left fusion-responsive-typography-calculated\" style=\"margin:0;--fontSize:26;--minFontSize:26;line-height:var(--awb-typography1-line-height);\"><span style=\"color: #333333;\">CZEKAMY <\/span><span style=\"color: #333333;\">NA CIEBIE<\/span><\/h2><\/div><div class=\"fusion-text fusion-text-1\"><p><span style=\"color: #333333;\">Przyjed\u017a lub zadzwo\u0144 do nas! Na pewno znajdziemy dla Ciebie idealny domek.<\/span><\/p>\n<\/div><\/div><\/div><div class=\"fusion-layout-column fusion_builder_column fusion-builder-column-1 fusion_builder_column_1_2 1_2 fusion-flex-column\" style=\"--awb-bg-size:cover;--awb-width-large:50%;--awb-margin-top-large:0px;--awb-spacing-right-large:3.84%;--awb-margin-bottom-large:20px;--awb-spacing-left-large:3.84%;--awb-width-medium:50%;--awb-spacing-right-medium:3.84%;--awb-spacing-left-medium:3.84%;--awb-width-small:100%;--awb-spacing-right-small:1.92%;--awb-spacing-left-small:1.92%;\"><div class=\"fusion-column-wrapper fusion-flex-justify-content-flex-start fusion-content-layout-column\"><div class=\"fusion-text fusion-text-2\"><p><span style=\"color: #333333;\">\u201eRODOS\u201d Adam Baprawski<\/span><\/p>\n<p><span style=\"color: #333333;\">Domki holenderskie i angielskie<\/span><\/p>\n<p><span style=\"color: #333333;\">Wola \u0141\u0105cka 55A, 09-520 \u0141\u0105ck<\/span><\/p>\n<\/div><div class=\"fusion-text fusion-text-3 fusion-no-medium-visibility fusion-no-large-visibility\"><p><span style=\"color: #333333;\">tel: <a href=\"tel:+48570000708\">+48 570 00 07 08<\/a><\/span><\/p>\n<p><a href=\"tel:+48 691 13 13 13\">+48 691 13 13 13<\/a><\/p>\n<\/div><div class=\"accordian fusion-accordian fusion-no-small-visibility\" style=\"--awb-border-size:1px;--awb-icon-size:16px;--awb-content-font-size:var(--awb-typography4-font-size);--awb-icon-alignment:left;--awb-hover-color:var(--awb-color2);--awb-border-color:var(--awb-color3);--awb-background-color:var(--awb-color1);--awb-divider-color:var(--awb-color3);--awb-divider-hover-color:var(--awb-color3);--awb-icon-color:var(--awb-color1);--awb-title-color:var(--awb-color8);--awb-content-color:var(--awb-color8);--awb-icon-box-color:var(--awb-color8);--awb-toggle-hover-accent-color:var(--awb-color5);--awb-title-font-family:var(--awb-typography1-font-family);--awb-title-font-weight:var(--awb-typography1-font-weight);--awb-title-font-style:var(--awb-typography1-font-style);--awb-title-font-size:16px;--awb-title-letter-spacing:var(--awb-typography2-letter-spacing);--awb-title-line-height:var(--awb-typography2-line-height);--awb-content-font-family:var(--awb-typography4-font-family);--awb-content-font-weight:var(--awb-typography4-font-weight);--awb-content-font-style:var(--awb-typography4-font-style);\"><div class=\"panel-group fusion-toggle-icon-boxed\" id=\"accordion-809-1\"><div class=\"fusion-panel panel-default panel-fcb0e29d95f735ef0 fusion-toggle-has-divider\"><div class=\"panel-heading\"><h4 class=\"panel-title toggle\" id=\"toggle_fcb0e29d95f735ef0\"><a aria-expanded=\"false\" aria-controls=\"fcb0e29d95f735ef0\" role=\"button\" data-toggle=\"collapse\" data-parent=\"#accordion-809-1\" data-target=\"#fcb0e29d95f735ef0\" href=\"#fcb0e29d95f735ef0\"><span class=\"fusion-toggle-icon-wrapper\" aria-hidden=\"true\"><i class=\"fa-fusion-box active-icon awb-icon-minus\" aria-hidden=\"true\"><\/i><i class=\"fa-fusion-box inactive-icon awb-icon-plus\" aria-hidden=\"true\"><\/i><\/span><span class=\"fusion-toggle-heading\">Poka\u017c numer<\/span><\/a><\/h4><\/div><div id=\"fcb0e29d95f735ef0\" class=\"panel-collapse collapse \" aria-labelledby=\"toggle_fcb0e29d95f735ef0\"><div class=\"panel-body toggle-content fusion-clearfix\">\n<p>+48 570 00 07 08<\/p>\n<p>+48 691 13 13 13<\/p>\n<\/div><\/div><\/div><\/div><\/div><\/div><\/div><div class=\"fusion-layout-column fusion_builder_column fusion-builder-column-2 fusion_builder_column_1_2 1_2 fusion-flex-column\" style=\"--awb-bg-size:cover;--awb-width-large:50%;--awb-margin-top-large:0px;--awb-spacing-right-large:3.84%;--awb-margin-bottom-large:20px;--awb-spacing-left-large:3.84%;--awb-width-medium:50%;--awb-order-medium:0;--awb-spacing-right-medium:3.84%;--awb-spacing-left-medium:3.84%;--awb-width-small:100%;--awb-order-small:0;--awb-spacing-right-small:1.92%;--awb-spacing-left-small:1.92%;\"><div class=\"fusion-column-wrapper fusion-column-has-shadow fusion-flex-justify-content-flex-start fusion-content-layout-column\"><div class=\"fusion-form fusion-form-builder fusion-form-form-wrapper fusion-form-990 has-icon-alignment\" style=\"--awb-tooltip-text-color:#ffffff;--awb-tooltip-background-color:#333333;--awb-form-bg-color:#f7f7f7;--awb-form-border-width-top:2px;--awb-form-border-width-bottom:2px;--awb-form-border-width-right:2px;--awb-form-border-width-left:2px;--awb-form-border-color:#607d8b;--awb-form-focus-border-color:rgba(255,152,0,0.5);--awb-form-focus-border-hover-color:rgba(255,152,0,0.5);--awb-form-border-radius:3px;--awb-icon-alignment-top:2px;--awb-icon-alignment-bottom:2px;--awb-icon-alignment-font-size:1em;\" data-form-id=\"990\" data-config=\"{&quot;form_id&quot;:&quot;990&quot;,&quot;form_post_id&quot;:&quot;990&quot;,&quot;post_id&quot;:809,&quot;form_type&quot;:&quot;ajax&quot;,&quot;confirmation_type&quot;:&quot;message&quot;,&quot;redirect_url&quot;:&quot;&quot;,&quot;field_labels&quot;:{&quot;phone&quot;:&quot;Numer telefonu&quot;,&quot;name&quot;:&quot;Imi\\u0119 i nazwisko&quot;,&quot;message&quot;:&quot;Twoja wiadomo\\u015b\\u0107&quot;},&quot;field_logics&quot;:{&quot;phone&quot;:&quot;&quot;,&quot;name&quot;:&quot;&quot;,&quot;message&quot;:&quot;&quot;,&quot;notice_1&quot;:&quot;&quot;},&quot;field_types&quot;:{&quot;phone&quot;:&quot;phone_number&quot;,&quot;name&quot;:&quot;text&quot;,&quot;message&quot;:&quot;textarea&quot;,&quot;submit_1&quot;:&quot;submit&quot;,&quot;notice_1&quot;:&quot;notice&quot;},&quot;nonce_method&quot;:&quot;ajax&quot;}\"><form action=\"https:\/\/domkirodos.pl\/old\/kontakt\/\" method=\"post\" class=\"fusion-form fusion-form-990\"><div class=\"fusion-fullwidth fullwidth-box fusion-builder-row-1-1 fusion-flex-container nonhundred-percent-fullwidth non-hundred-percent-height-scrolling\" style=\"--awb-border-radius-top-left:0px;--awb-border-radius-top-right:0px;--awb-border-radius-bottom-right:0px;--awb-border-radius-bottom-left:0px;--awb-padding-top:20px;--awb-padding-right:50px;--awb-padding-left:50px;--awb-padding-top-small:0px;--awb-padding-right-small:0px;--awb-padding-bottom-small:0px;--awb-padding-left-small:0px;--awb-flex-wrap:wrap;\" ><div class=\"fusion-builder-row fusion-row fusion-flex-align-items-center fusion-flex-justify-content-center fusion-flex-content-wrap\" style=\"width:104% !important;max-width:104% !important;margin-left: calc(-4% \/ 2 );margin-right: calc(-4% \/ 2 );\"><div class=\"fusion-layout-column fusion_builder_column fusion-builder-column-3 fusion_builder_column_1_1 1_1 fusion-flex-column contact-form\" style=\"--awb-padding-top:20px;--awb-padding-right:40px;--awb-padding-bottom:20px;--awb-padding-left:40px;--awb-padding-top-medium:10px;--awb-padding-right-medium:30px;--awb-padding-bottom-medium:10px;--awb-padding-left-medium:30px;--awb-padding-top-small:0px;--awb-padding-right-small:20px;--awb-padding-bottom-small:0px;--awb-padding-left-small:20px;--awb-overflow:hidden;--awb-bg-color:var(--awb-color1);--awb-bg-color-hover:var(--awb-color1);--awb-bg-size:cover;--awb-box-shadow:2px 2px 15px 0px rgba(0,0,0,0.05);;--awb-border-radius:20px 20px 20px 20px;--awb-width-large:100%;--awb-margin-top-large:0px;--awb-spacing-right-large:0%;--awb-margin-bottom-large:20px;--awb-spacing-left-large:0%;--awb-width-medium:100%;--awb-order-medium:0;--awb-spacing-right-medium:0%;--awb-spacing-left-medium:0%;--awb-width-small:100%;--awb-order-small:0;--awb-spacing-right-small:1.92%;--awb-spacing-left-small:1.92%;\" data-scroll-devices=\"small-visibility,medium-visibility,large-visibility\"><div class=\"fusion-column-wrapper fusion-column-has-shadow fusion-flex-justify-content-center fusion-content-layout-column\"><div class=\"fusion-form-field fusion-form-phone-number-field fusion-form-label-above\" style=\"\" data-form-id=\"990\"><div class=\"fusion-form-label-wrapper\"><label for=\"phone\">Numer telefonu <abbr class=\"fusion-form-element-required\" title=\"required\">*<\/abbr><\/label><\/div><input type=\"tel\" autocomplete=\"off\" name=\"phone\" id=\"phone\" value=\"\"  class=\"fusion-form-input\" required=\"true\" aria-required=\"true\" placeholder=\"np. +48 123 456 789 *\" data-holds-private-data=\"false\"\/><\/div><div class=\"fusion-form-field fusion-form-text-field fusion-form-label-above\" style=\"\" data-form-id=\"990\"><div class=\"fusion-form-label-wrapper\"><label for=\"name\">Imi\u0119 i nazwisko<\/label><\/div><input type=\"text\" autocomplete=\"off\" name=\"name\" id=\"name\" value=\"\"  class=\"fusion-form-input\" placeholder=\"np. Jan Kowalski \" data-holds-private-data=\"false\" minlength=\"3\" maxlength=\"80\"\/><\/div><div class=\"fusion-form-field fusion-form-textarea-field fusion-form-label-above\" style=\"\" data-form-id=\"990\"><label for=\"message\">Twoja wiadomo\u015b\u0107 <abbr class=\"fusion-form-element-required\" title=\"required\">*<\/abbr><\/label><textarea cols=\"40\" autocomplete=\"off\"  minlength=\"0\"  maxlength=\"500\" rows=\"8\" tabindex=\"\" id=\"message\" name=\"message\" class=\"fusion-form-input\" required=\"true\" aria-required=\"true\" placeholder=\"Tre\u015b\u0107 Twojej wiadomo\u015bci *\" data-holds-private-data=\"false\"><\/textarea><\/div><div class=\"fusion-form-field fusion-form-submit-field fusion-form-label-above\" style=\"\" data-form-id=\"990\"><div style=\"text-align:center;\"><button type=\"submit\" class=\"fusion-button button-flat fusion-button-default-size button-default fusion-button-default button-1 fusion-button-default-span  form-form-submit button-default\" style=\"width:calc(100%);\" data-form-number=\"990\" tabindex=\"\"><span class=\"fusion-button-text awb-button__text awb-button__text--default\">Wy\u015blij<\/span><\/button><\/div><\/div><div class=\"form-submission-notices data-notice_1\" id=\"fusion-notices-1\"><div class=\"fusion-alert alert success alert-success fusion-alert-center fusion-form-response fusion-form-response-success awb-alert-native-link-color alert-dismissable awb-alert-close-boxed\" role=\"alert\"><div class=\"fusion-alert-content-wrapper\"><span class=\"alert-icon\"><i class=\"awb-icon-check-circle\" aria-hidden=\"true\"><\/i><\/span><span class=\"fusion-alert-content\">Wiadomo\u015b\u0107 wys\u0142ana poprawnie, dzi\u0119kujemy.<\/span><\/div><button type=\"button\" class=\"close toggle-alert\" data-dismiss=\"alert\" aria-label=\"Close\">&times;<\/button><\/div><div class=\"fusion-alert alert error alert-danger fusion-alert-center fusion-form-response fusion-form-response-error awb-alert-native-link-color alert-dismissable awb-alert-close-boxed\" role=\"alert\"><div class=\"fusion-alert-content-wrapper\"><span class=\"alert-icon\"><i class=\"awb-icon-exclamation-triangle\" aria-hidden=\"true\"><\/i><\/span><span class=\"fusion-alert-content\">Wyst\u0105pi\u0142 b\u0142\u0105d \u2013 spr\u00f3buj ponownie.<\/span><\/div><button type=\"button\" class=\"close toggle-alert\" data-dismiss=\"alert\" aria-label=\"Close\">&times;<\/button><\/div><\/div><\/div><\/div><\/div><\/div><input type=\"hidden\" name=\"fusion_privacy_store_ip_ua\" value=\"false\"><input type=\"hidden\" name=\"fusion_privacy_expiration_interval\" value=\"48\"><input type=\"hidden\" name=\"privacy_expiration_action\" value=\"anonymize\"><\/form><\/div><\/div><\/div><\/div><\/div>\n","protected":false},"excerpt":{"rendered":"","protected":false},"author":2,"featured_media":0,"parent":0,"menu_order":0,"comment_status":"closed","ping_status":"closed","template":"100-width.php","meta":{"_acf_changed":false,"footnotes":""},"class_list":["post-809","page","type-page","status-publish","hentry"],"acf":[],"yoast_head":"<!-- This site is optimized with the Yoast SEO plugin v25.3.1 - https:\/\/yoast.com\/wordpress\/plugins\/seo\/ -->\n<title>Kontakt | Domki Holenderskie i Domki Angielskie z Dostaw\u0105 - DomkiRodos.pl<\/title>\n<meta name=\"robots\" content=\"noindex, follow, max-snippet:-1, max-image-preview:large, max-video-preview:-1\" \/>\n<meta property=\"og:locale\" content=\"pl_PL\" \/>\n<meta property=\"og:type\" content=\"article\" \/>\n<meta property=\"og:title\" content=\"Kontakt | Domki Holenderskie i Domki Angielskie z Dostaw\u0105 - DomkiRodos.pl\" \/>\n<meta property=\"og:url\" content=\"https:\/\/domkirodos.pl\/old\/kontakt\/\" \/>\n<meta property=\"og:site_name\" content=\"Domki Rodos\" \/>\n<meta property=\"article:modified_time\" content=\"2025-05-06T05:03:57+00:00\" \/>\n<meta name=\"twitter:card\" content=\"summary_large_image\" \/>\n<meta name=\"twitter:label1\" content=\"Szacowany czas czytania\" \/>\n\t<meta name=\"twitter:data1\" content=\"3 minuty\" \/>\n<script type=\"application\/ld+json\" class=\"yoast-schema-graph\">{\"@context\":\"https:\/\/schema.org\",\"@graph\":[{\"@type\":\"WebPage\",\"@id\":\"https:\/\/domkirodos.pl\/old\/kontakt\/\",\"url\":\"https:\/\/domkirodos.pl\/old\/kontakt\/\",\"name\":\"Kontakt | Domki Holenderskie i Domki Angielskie z Dostaw\u0105 - DomkiRodos.pl\",\"isPartOf\":{\"@id\":\"https:\/\/domkirodos.pl\/old\/#website\"},\"datePublished\":\"2015-02-10T18:22:07+00:00\",\"dateModified\":\"2025-05-06T05:03:57+00:00\",\"breadcrumb\":{\"@id\":\"https:\/\/domkirodos.pl\/old\/kontakt\/#breadcrumb\"},\"inLanguage\":\"pl-PL\",\"potentialAction\":[{\"@type\":\"ReadAction\",\"target\":[\"https:\/\/domkirodos.pl\/old\/kontakt\/\"]}]},{\"@type\":\"BreadcrumbList\",\"@id\":\"https:\/\/domkirodos.pl\/old\/kontakt\/#breadcrumb\",\"itemListElement\":[{\"@type\":\"ListItem\",\"position\":1,\"name\":\"Strona g\u0142\u00f3wna\",\"item\":\"https:\/\/domkirodos.pl\/old\/\"},{\"@type\":\"ListItem\",\"position\":2,\"name\":\"Kontakt\"}]},{\"@type\":\"WebSite\",\"@id\":\"https:\/\/domkirodos.pl\/old\/#website\",\"url\":\"https:\/\/domkirodos.pl\/old\/\",\"name\":\"Domki Rodos\",\"description\":\"Domki holenderskie i angielskie, sezonowe i ca\u0142oroczne. U nas mo\u017cesz wybiera\u0107 i przebiera\u0107 do woli.\",\"potentialAction\":[{\"@type\":\"SearchAction\",\"target\":{\"@type\":\"EntryPoint\",\"urlTemplate\":\"https:\/\/domkirodos.pl\/old\/?s={search_term_string}\"},\"query-input\":{\"@type\":\"PropertyValueSpecification\",\"valueRequired\":true,\"valueName\":\"search_term_string\"}}],\"inLanguage\":\"pl-PL\"}]}<\/script>\n<!-- \/ Yoast SEO plugin. -->","yoast_head_json":{"title":"Kontakt | Domki Holenderskie i Domki Angielskie z Dostaw\u0105 - DomkiRodos.pl","robots":{"index":"noindex","follow":"follow","max-snippet":"max-snippet:-1","max-image-preview":"max-image-preview:large","max-video-preview":"max-video-preview:-1"},"og_locale":"pl_PL","og_type":"article","og_title":"Kontakt | Domki Holenderskie i Domki Angielskie z Dostaw\u0105 - DomkiRodos.pl","og_url":"https:\/\/domkirodos.pl\/old\/kontakt\/","og_site_name":"Domki Rodos","article_modified_time":"2025-05-06T05:03:57+00:00","twitter_card":"summary_large_image","twitter_misc":{"Szacowany czas czytania":"3 minuty"},"schema":{"@context":"https:\/\/schema.org","@graph":[{"@type":"WebPage","@id":"https:\/\/domkirodos.pl\/old\/kontakt\/","url":"https:\/\/domkirodos.pl\/old\/kontakt\/","name":"Kontakt | Domki Holenderskie i Domki Angielskie z Dostaw\u0105 - DomkiRodos.pl","isPartOf":{"@id":"https:\/\/domkirodos.pl\/old\/#website"},"datePublished":"2015-02-10T18:22:07+00:00","dateModified":"2025-05-06T05:03:57+00:00","breadcrumb":{"@id":"https:\/\/domkirodos.pl\/old\/kontakt\/#breadcrumb"},"inLanguage":"pl-PL","potentialAction":[{"@type":"ReadAction","target":["https:\/\/domkirodos.pl\/old\/kontakt\/"]}]},{"@type":"BreadcrumbList","@id":"https:\/\/domkirodos.pl\/old\/kontakt\/#breadcrumb","itemListElement":[{"@type":"ListItem","position":1,"name":"Strona g\u0142\u00f3wna","item":"https:\/\/domkirodos.pl\/old\/"},{"@type":"ListItem","position":2,"name":"Kontakt"}]},{"@type":"WebSite","@id":"https:\/\/domkirodos.pl\/old\/#website","url":"https:\/\/domkirodos.pl\/old\/","name":"Domki Rodos","description":"Domki holenderskie i angielskie, sezonowe i ca\u0142oroczne. U nas mo\u017cesz wybiera\u0107 i przebiera\u0107 do woli.","potentialAction":[{"@type":"SearchAction","target":{"@type":"EntryPoint","urlTemplate":"https:\/\/domkirodos.pl\/old\/?s={search_term_string}"},"query-input":{"@type":"PropertyValueSpecification","valueRequired":true,"valueName":"search_term_string"}}],"inLanguage":"pl-PL"}]}},"_links":{"self":[{"href":"https:\/\/domkirodos.pl\/old\/wp-json\/wp\/v2\/pages\/809","targetHints":{"allow":["GET"]}}],"collection":[{"href":"https:\/\/domkirodos.pl\/old\/wp-json\/wp\/v2\/pages"}],"about":[{"href":"https:\/\/domkirodos.pl\/old\/wp-json\/wp\/v2\/types\/page"}],"author":[{"embeddable":true,"href":"https:\/\/domkirodos.pl\/old\/wp-json\/wp\/v2\/users\/2"}],"replies":[{"embeddable":true,"href":"https:\/\/domkirodos.pl\/old\/wp-json\/wp\/v2\/comments?post=809"}],"version-history":[{"count":27,"href":"https:\/\/domkirodos.pl\/old\/wp-json\/wp\/v2\/pages\/809\/revisions"}],"predecessor-version":[{"id":12106,"href":"https:\/\/domkirodos.pl\/old\/wp-json\/wp\/v2\/pages\/809\/revisions\/12106"}],"wp:attachment":[{"href":"https:\/\/domkirodos.pl\/old\/wp-json\/wp\/v2\/media?parent=809"}],"curies":[{"name":"wp","href":"https:\/\/api.w.org\/{rel}","templated":true}]}}