{"id":7888,"date":"2024-05-20T20:04:31","date_gmt":"2024-05-20T18:04:31","guid":{"rendered":"https:\/\/old.domkirodos.pl\/?page_id=7888"},"modified":"2024-05-21T09:21:04","modified_gmt":"2024-05-21T07:21:04","slug":"warunki-korzystania-ze-strony-internetowej","status":"publish","type":"page","link":"https:\/\/domkirodos.pl\/old\/warunki-korzystania-ze-strony-internetowej\/","title":{"rendered":"Warunki korzystania ze strony internetowej"},"content":{"rendered":"<div class=\"fusion-fullwidth fullwidth-box fusion-builder-row-1 fusion-flex-container has-pattern-background has-mask-background nonhundred-percent-fullwidth non-hundred-percent-height-scrolling\" style=\"--awb-border-radius-top-left:0px;--awb-border-radius-top-right:0px;--awb-border-radius-bottom-right:0px;--awb-border-radius-bottom-left:0px;--awb-flex-wrap:wrap;\" ><div class=\"fusion-builder-row fusion-row fusion-flex-align-items-flex-start fusion-flex-content-wrap\" style=\"max-width:1424.8px;margin-left: calc(-4% \/ 2 );margin-right: calc(-4% \/ 2 );\"><div class=\"fusion-layout-column fusion_builder_column fusion-builder-column-0 fusion_builder_column_1_1 1_1 fusion-flex-column\" style=\"--awb-bg-size:cover;--awb-width-large:100%;--awb-margin-top-large:0px;--awb-spacing-right-large:1.92%;--awb-margin-bottom-large:20px;--awb-spacing-left-large:1.92%;--awb-width-medium:100%;--awb-order-medium:0;--awb-spacing-right-medium:1.92%;--awb-spacing-left-medium:1.92%;--awb-width-small:100%;--awb-order-small:0;--awb-spacing-right-small:1.92%;--awb-spacing-left-small:1.92%;\"><div class=\"fusion-column-wrapper fusion-column-has-shadow fusion-flex-justify-content-flex-start fusion-content-layout-column\"><div class=\"fusion-text fusion-text-1\"><h1>Warunki korzystania ze strony internetowej (DSA) <strong>RODOS domki holenderskie i angielskie<\/strong><\/h1>\n<h2><strong>1.US\u0141UGODAWCA<\/strong><\/h2>\n<p style=\"text-align: left;\">Serwis internetowy W\u0119dzarnia<\/p>\n<p>Serwis internetowy RODOS domki holenderskie i angielskie, dost\u0119pny pod adresem https:\/\/old.domkirodos.pl\/ jest prowadzony przez:<\/p>\n<p>RODOS Adam Baprawski z siedzib\u0105 pod<\/p>\n<p style=\"text-align: left;\">adresem Wola \u0141\u0105cka 55A, 09-520 \u0141\u0105ck , pod nr NIP 8371494199, nr REGON 386890730<\/p>\n<h2>2. <strong>PUNKT KONTAKTOWY<\/strong><\/h2>\n<p>W celu kontaktowania si\u0119 z nami mo\u017cesz skorzysta\u0107 z nast\u0119puj\u0105cych form komunikacji elektronicznej:<\/p>\n<ul>\n<li>poczta elektroniczna: biuro@old.domkirodos.pl<\/li>\n<li>formularz kontaktowy dost\u0119pny pod adresem: <a href=\"https:\/\/old.domkirodos.pl\/kontakt\/\">https:\/\/old.domkirodos.pl\/kontakt\/<\/a><\/li>\n<\/ul>\n<p>Niezale\u017cnie od form komunikacji elektronicznej \u2013 mo\u017cliwy jest r\u00f3wnie\u017c kontakt telefoniczny pod numerem:<\/p>\n<p>667 18 18 18<\/p>\n<h2>3. <strong>J\u0118ZYK KOMUNIKACJI<\/strong><\/h2>\n<p>Mo\u017cesz skontaktowa\u0107 si\u0119 z nami w j\u0119zyku polskim.<\/p>\n<h2>4. <strong>ROZPATRYWANIE SKARG I REKLAMACJI<\/strong><\/h2>\n<p>Reklamacje i skargi dotycz\u0105ce korzystania ze strony internetowej mog\u0105 by\u0107 sk\u0142adane<br \/>za po\u015brednictwem Punktu Kontaktowego, kt\u00f3rego dane wskazane s\u0105 na pocz\u0105tku<br \/>niniejszych warunk\u00f3w.<br \/>Rozpatrujemy reklamacje i skargi w ci\u0105gu 14 dni od ich otrzymania.<\/p>\n<h2>5. <strong>WARUNKI TECHNICZNE<\/strong><\/h2>\n<p>Dla prawid\u0142owego korzystania ze strony internetowej konieczne jest spe\u0142nienie<br \/>nast\u0119puj\u0105cych warunk\u00f3w technicznych:<br \/>\u2022 aktywne konto e-mail,<br \/>\u2022 urz\u0105dzenie z dost\u0119pem do Internetu,<br \/>\u2022 przegl\u0105darka internetowa obs\u0142uguj\u0105ca JavaScript i pliki cookies.<\/p>\n<h2>6.<strong>PRYWATNO\u015a\u0106 I DANE OSOBOWE<\/strong><\/h2>\n<p>Zasady przetwarzania danych osobowych i wykorzystywania plik\u00f3w cookies wskazane<br \/>s\u0105 w polityce prywatno\u015bci dost\u0119pnej pod adresem:<br \/><a href=\"https:\/\/old.domkirodos.pl\/polityka-prywatnosci\/\">https:\/\/old.domkirodos.pl\/polityka-prywatnosci\/<\/a><\/p>\n<h2>7.<strong>INNE REGULAMINY I POLITYKI<br \/><\/strong><\/h2>\n<p>Do korzystania z naszej strony internetowej i dost\u0119pnych w jej ramach us\u0142ug<br \/>zastosowanie maj\u0105 r\u00f3wnie\u017c:<br \/>\u2022 Regulamin newslettera &#8211; <a href=\"https:\/\/old.domkirodos.pl\/regulamin-newsletter\/\">https:\/\/old.domkirodos.pl\/regulamin-newsletter\/<\/a><br \/>Te Warunki stanowi\u0105 suplement do wskazanych wy\u017cej dokument\u00f3w.<\/p>\n<p>&nbsp;<\/p>\n<p>&nbsp;<\/p>\n<p>Warunki korzystania ze strony internetowej z dnia 20.05.2024.<br \/>Numer licencji nadanej przez Kreator Legal Geek: <a href=\"https:\/\/kreator.legalgeek.pl\/\"><strong>bd129f38-f7dc-4e76-8832-2fd541adbb06<\/strong><\/a><strong>.<\/strong><\/p>\n<\/div><\/div><\/div><\/div><\/div>\n","protected":false},"excerpt":{"rendered":"","protected":false},"author":1,"featured_media":0,"parent":0,"menu_order":0,"comment_status":"closed","ping_status":"closed","template":"","meta":{"_acf_changed":false,"footnotes":""},"class_list":["post-7888","page","type-page","status-publish","hentry"],"acf":[],"yoast_head":"<!-- This site is optimized with the Yoast SEO plugin v25.3.1 - https:\/\/yoast.com\/wordpress\/plugins\/seo\/ -->\n<title>Warunki korzystania ze strony internetowej | Domki Holenderskie i Domki Angielskie z Dostaw\u0105 - DomkiRodos.pl<\/title>\n<meta name=\"robots\" content=\"noindex, follow, max-snippet:-1, max-image-preview:large, max-video-preview:-1\" \/>\n<meta property=\"og:locale\" content=\"pl_PL\" \/>\n<meta property=\"og:type\" content=\"article\" \/>\n<meta property=\"og:title\" content=\"Warunki korzystania ze strony internetowej | Domki Holenderskie i Domki Angielskie z Dostaw\u0105 - DomkiRodos.pl\" \/>\n<meta property=\"og:url\" content=\"https:\/\/domkirodos.pl\/old\/warunki-korzystania-ze-strony-internetowej\/\" \/>\n<meta property=\"og:site_name\" content=\"Domki Rodos\" \/>\n<meta property=\"article:modified_time\" content=\"2024-05-21T07:21:04+00:00\" \/>\n<meta name=\"twitter:card\" content=\"summary_large_image\" \/>\n<meta name=\"twitter:label1\" content=\"Szacowany czas czytania\" \/>\n\t<meta name=\"twitter:data1\" content=\"3 minuty\" \/>\n<script type=\"application\/ld+json\" class=\"yoast-schema-graph\">{\"@context\":\"https:\/\/schema.org\",\"@graph\":[{\"@type\":\"WebPage\",\"@id\":\"https:\/\/domkirodos.pl\/old\/warunki-korzystania-ze-strony-internetowej\/\",\"url\":\"https:\/\/domkirodos.pl\/old\/warunki-korzystania-ze-strony-internetowej\/\",\"name\":\"Warunki korzystania ze strony internetowej | Domki Holenderskie i Domki Angielskie z Dostaw\u0105 - DomkiRodos.pl\",\"isPartOf\":{\"@id\":\"https:\/\/domkirodos.pl\/old\/#website\"},\"datePublished\":\"2024-05-20T18:04:31+00:00\",\"dateModified\":\"2024-05-21T07:21:04+00:00\",\"breadcrumb\":{\"@id\":\"https:\/\/domkirodos.pl\/old\/warunki-korzystania-ze-strony-internetowej\/#breadcrumb\"},\"inLanguage\":\"pl-PL\",\"potentialAction\":[{\"@type\":\"ReadAction\",\"target\":[\"https:\/\/domkirodos.pl\/old\/warunki-korzystania-ze-strony-internetowej\/\"]}]},{\"@type\":\"BreadcrumbList\",\"@id\":\"https:\/\/domkirodos.pl\/old\/warunki-korzystania-ze-strony-internetowej\/#breadcrumb\",\"itemListElement\":[{\"@type\":\"ListItem\",\"position\":1,\"name\":\"Strona g\u0142\u00f3wna\",\"item\":\"https:\/\/domkirodos.pl\/old\/\"},{\"@type\":\"ListItem\",\"position\":2,\"name\":\"Warunki korzystania ze strony internetowej\"}]},{\"@type\":\"WebSite\",\"@id\":\"https:\/\/domkirodos.pl\/old\/#website\",\"url\":\"https:\/\/domkirodos.pl\/old\/\",\"name\":\"Domki Rodos\",\"description\":\"Domki holenderskie i angielskie, sezonowe i ca\u0142oroczne. U nas mo\u017cesz wybiera\u0107 i przebiera\u0107 do woli.\",\"potentialAction\":[{\"@type\":\"SearchAction\",\"target\":{\"@type\":\"EntryPoint\",\"urlTemplate\":\"https:\/\/domkirodos.pl\/old\/?s={search_term_string}\"},\"query-input\":{\"@type\":\"PropertyValueSpecification\",\"valueRequired\":true,\"valueName\":\"search_term_string\"}}],\"inLanguage\":\"pl-PL\"}]}<\/script>\n<!-- \/ Yoast SEO plugin. -->","yoast_head_json":{"title":"Warunki korzystania ze strony internetowej | Domki Holenderskie i Domki Angielskie z Dostaw\u0105 - DomkiRodos.pl","robots":{"index":"noindex","follow":"follow","max-snippet":"max-snippet:-1","max-image-preview":"max-image-preview:large","max-video-preview":"max-video-preview:-1"},"og_locale":"pl_PL","og_type":"article","og_title":"Warunki korzystania ze strony internetowej | Domki Holenderskie i Domki Angielskie z Dostaw\u0105 - DomkiRodos.pl","og_url":"https:\/\/domkirodos.pl\/old\/warunki-korzystania-ze-strony-internetowej\/","og_site_name":"Domki Rodos","article_modified_time":"2024-05-21T07:21:04+00:00","twitter_card":"summary_large_image","twitter_misc":{"Szacowany czas czytania":"3 minuty"},"schema":{"@context":"https:\/\/schema.org","@graph":[{"@type":"WebPage","@id":"https:\/\/domkirodos.pl\/old\/warunki-korzystania-ze-strony-internetowej\/","url":"https:\/\/domkirodos.pl\/old\/warunki-korzystania-ze-strony-internetowej\/","name":"Warunki korzystania ze strony internetowej | Domki Holenderskie i Domki Angielskie z Dostaw\u0105 - DomkiRodos.pl","isPartOf":{"@id":"https:\/\/domkirodos.pl\/old\/#website"},"datePublished":"2024-05-20T18:04:31+00:00","dateModified":"2024-05-21T07:21:04+00:00","breadcrumb":{"@id":"https:\/\/domkirodos.pl\/old\/warunki-korzystania-ze-strony-internetowej\/#breadcrumb"},"inLanguage":"pl-PL","potentialAction":[{"@type":"ReadAction","target":["https:\/\/domkirodos.pl\/old\/warunki-korzystania-ze-strony-internetowej\/"]}]},{"@type":"BreadcrumbList","@id":"https:\/\/domkirodos.pl\/old\/warunki-korzystania-ze-strony-internetowej\/#breadcrumb","itemListElement":[{"@type":"ListItem","position":1,"name":"Strona g\u0142\u00f3wna","item":"https:\/\/domkirodos.pl\/old\/"},{"@type":"ListItem","position":2,"name":"Warunki korzystania ze strony internetowej"}]},{"@type":"WebSite","@id":"https:\/\/domkirodos.pl\/old\/#website","url":"https:\/\/domkirodos.pl\/old\/","name":"Domki Rodos","description":"Domki holenderskie i angielskie, sezonowe i ca\u0142oroczne. U nas mo\u017cesz wybiera\u0107 i przebiera\u0107 do woli.","potentialAction":[{"@type":"SearchAction","target":{"@type":"EntryPoint","urlTemplate":"https:\/\/domkirodos.pl\/old\/?s={search_term_string}"},"query-input":{"@type":"PropertyValueSpecification","valueRequired":true,"valueName":"search_term_string"}}],"inLanguage":"pl-PL"}]}},"_links":{"self":[{"href":"https:\/\/domkirodos.pl\/old\/wp-json\/wp\/v2\/pages\/7888","targetHints":{"allow":["GET"]}}],"collection":[{"href":"https:\/\/domkirodos.pl\/old\/wp-json\/wp\/v2\/pages"}],"about":[{"href":"https:\/\/domkirodos.pl\/old\/wp-json\/wp\/v2\/types\/page"}],"author":[{"embeddable":true,"href":"https:\/\/domkirodos.pl\/old\/wp-json\/wp\/v2\/users\/1"}],"replies":[{"embeddable":true,"href":"https:\/\/domkirodos.pl\/old\/wp-json\/wp\/v2\/comments?post=7888"}],"version-history":[{"count":10,"href":"https:\/\/domkirodos.pl\/old\/wp-json\/wp\/v2\/pages\/7888\/revisions"}],"predecessor-version":[{"id":7905,"href":"https:\/\/domkirodos.pl\/old\/wp-json\/wp\/v2\/pages\/7888\/revisions\/7905"}],"wp:attachment":[{"href":"https:\/\/domkirodos.pl\/old\/wp-json\/wp\/v2\/media?parent=7888"}],"curies":[{"name":"wp","href":"https:\/\/api.w.org\/{rel}","templated":true}]}}